{"id":12205,"date":"2022-04-01T18:07:29","date_gmt":"2022-04-01T11:07:29","guid":{"rendered":"https:\/\/dev.nois.vn\/data-engineer\/"},"modified":"2022-04-06T20:19:51","modified_gmt":"2022-04-06T13:19:51","slug":"data-engineer","status":"publish","type":"page","link":"https:\/\/nois.vn\/vi\/data-engineer\/","title":{"rendered":"K\u1ef9 s\u01b0 d\u1eef li\u1ec7u"},"content":{"rendered":"\t\t<div data-elementor-type=\"wp-page\" data-elementor-id=\"12205\" class=\"elementor elementor-12205\" data-elementor-post-type=\"page\">\n\t\t\t\t\t\t<section class=\"elementor-section elementor-top-section elementor-element elementor-element-3725ce74 ot-traditional elementor-section-boxed elementor-section-height-default elementor-section-height-default\" data-id=\"3725ce74\" data-element_type=\"section\" data-e-type=\"section\">\n\t\t\t\t\t\t<div class=\"elementor-container elementor-column-gap-default\">\n\t\t\t\t\t<div class=\"elementor-column elementor-col-100 elementor-top-column elementor-element elementor-element-439c542e ot-flex-column-vertical\" data-id=\"439c542e\" data-element_type=\"column\" data-e-type=\"column\">\n\t\t\t<div class=\"elementor-widget-wrap elementor-element-populated\">\n\t\t\t\t\t\t<section class=\"elementor-section elementor-inner-section elementor-element elementor-element-d519eb3 ot-traditional elementor-section-boxed elementor-section-height-default elementor-section-height-default\" data-id=\"d519eb3\" data-element_type=\"section\" data-e-type=\"section\">\n\t\t\t\t\t\t<div class=\"elementor-container elementor-column-gap-default\">\n\t\t\t\t\t<div class=\"elementor-column elementor-col-100 elementor-inner-column elementor-element elementor-element-4eae39e5 ot-flex-column-vertical\" data-id=\"4eae39e5\" data-element_type=\"column\" data-e-type=\"column\">\n\t\t\t<div class=\"elementor-widget-wrap elementor-element-populated\">\n\t\t\t\t\t\t<div class=\"elementor-element elementor-element-30b2a871 elementor-widget elementor-widget-text-editor\" data-id=\"30b2a871\" data-element_type=\"widget\" data-e-type=\"widget\" data-widget_type=\"text-editor.default\">\n\t\t\t\t<div class=\"elementor-widget-container\">\n\t\t\t\t\t\t\t\t\t<h2 class=\"elementor-heading-title elementor-size-default elementor-inline-editing pen\" style=\"color: #080909;\" data-elementor-setting-key=\"title\" data-pen-placeholder=\"G\u00f5 v\u00e0o \u0111\u00e2y...\">Data Engineer<br \/><span style=\"font-weight: 400;\">Fresher\/Junior<\/span><\/h2>\t\t\t\t\t\t\t\t<\/div>\n\t\t\t\t<\/div>\n\t\t\t\t<div class=\"elementor-element elementor-element-4af88274 elementor-position-inline-start elementor-view-default elementor-mobile-position-block-start elementor-widget elementor-widget-icon-box\" data-id=\"4af88274\" data-element_type=\"widget\" data-e-type=\"widget\" data-widget_type=\"icon-box.default\">\n\t\t\t\t<div class=\"elementor-widget-container\">\n\t\t\t\t\t\t\t<div class=\"elementor-icon-box-wrapper\">\n\n\t\t\t\t\t\t<div class=\"elementor-icon-box-icon\">\n\t\t\t\t<span  class=\"elementor-icon\">\n\t\t\t\t<i aria-hidden=\"true\" class=\"fas fa-lightbulb\"><\/i>\t\t\t\t<\/span>\n\t\t\t<\/div>\n\t\t\t\n\t\t\t\t\t\t<div class=\"elementor-icon-box-content\">\n\n\t\t\t\t\t\t\t\t\t<h3 class=\"elementor-icon-box-title\">\n\t\t\t\t\t\t<span  >\n\t\t\t\t\t\t\tWHAT WILL YOU DO? \t\t\t\t\t\t<\/span>\n\t\t\t\t\t<\/h3>\n\t\t\t\t\n\t\t\t\t\n\t\t\t<\/div>\n\t\t\t\n\t\t<\/div>\n\t\t\t\t\t\t<\/div>\n\t\t\t\t<\/div>\n\t\t\t\t<div class=\"elementor-element elementor-element-738501bf elementor-widget elementor-widget-text-editor\" data-id=\"738501bf\" data-element_type=\"widget\" data-e-type=\"widget\" data-widget_type=\"text-editor.default\">\n\t\t\t\t<div class=\"elementor-widget-container\">\n\t\t\t\t\t\t\t\t\t<ul><li><b>Design data architecture and flow (databases, ETL)<\/b><\/li><li><b>Interpret data, analyze results<\/b><span style=\"font-weight: 400;\"> using statistical technical and provide ongoing reports.\u00a0<\/span><\/li><li><span style=\"font-weight: 400;\">Design and develop <\/span><b>reports\/dashboards to visualize results.\u00a0<\/b><\/li><li><b>Develop algorithms\/models<\/b><span style=\"font-weight: 400;\"> to serve the need of Business Intelligence.\u00a0<\/span><\/li><li><b>Acquire data<\/b><span style=\"font-weight: 400;\"> from primary or secondary data sources and maintain databases\/data systems.\u00a0<\/span><\/li><li>Locate and define new process improvement opportunities.\u00a0<p>\u00a0<\/p><\/li><\/ul>\t\t\t\t\t\t\t\t<\/div>\n\t\t\t\t<\/div>\n\t\t\t\t<div class=\"elementor-element elementor-element-33c1e73 elementor-position-inline-start elementor-view-default elementor-mobile-position-block-start elementor-widget elementor-widget-icon-box\" data-id=\"33c1e73\" data-element_type=\"widget\" data-e-type=\"widget\" data-widget_type=\"icon-box.default\">\n\t\t\t\t<div class=\"elementor-widget-container\">\n\t\t\t\t\t\t\t<div class=\"elementor-icon-box-wrapper\">\n\n\t\t\t\t\t\t<div class=\"elementor-icon-box-icon\">\n\t\t\t\t<span  class=\"elementor-icon\">\n\t\t\t\t<i aria-hidden=\"true\" class=\"fas fa-lightbulb\"><\/i>\t\t\t\t<\/span>\n\t\t\t<\/div>\n\t\t\t\n\t\t\t\t\t\t<div class=\"elementor-icon-box-content\">\n\n\t\t\t\t\t\t\t\t\t<h3 class=\"elementor-icon-box-title\">\n\t\t\t\t\t\t<span  >\n\t\t\t\t\t\t\tYOU JUST NEED TO HAVE\t\t\t\t\t\t<\/span>\n\t\t\t\t\t<\/h3>\n\t\t\t\t\n\t\t\t\t\n\t\t\t<\/div>\n\t\t\t\n\t\t<\/div>\n\t\t\t\t\t\t<\/div>\n\t\t\t\t<\/div>\n\t\t\t\t<div class=\"elementor-element elementor-element-207d5304 elementor-widget elementor-widget-text-editor\" data-id=\"207d5304\" data-element_type=\"widget\" data-e-type=\"widget\" data-widget_type=\"text-editor.default\">\n\t\t\t\t<div class=\"elementor-widget-container\">\n\t\t\t\t\t\t\t\t\t<p>***<em><strong> Technical skills<\/strong><\/em><\/p><ul><li>Bachelor&#8217;s degree in computer science or related field (mathematics, economics, information management or statistics)\u00a0<\/li><li>Efficient of SQL,<span style=\"color: #6d6d6d; font-family: Roboto; font-size: 12pt;\">\u00a0able to query and manipulate necessary data from SQL data sources.\u00a0<\/span><\/li><li>Efficient in modeling data with at least 1 language\u00a0<span style=\"color: #6d6d6d; font-family: Roboto; font-size: 12pt; font-weight: bold;\">(Python, R, JS, Java, Scala)<\/span><\/li><li>Efficient in at least\u00a0<span style=\"color: #6d6d6d; font-family: Roboto; font-size: 12pt; font-weight: bold;\">Deep Learning Framework<\/span><span style=\"color: #6d6d6d; font-family: Roboto; font-size: 12pt;\">(Tensorflow\/Pytorch) or knowledgeable Machine Learning algorithm.<\/span><\/li><li>Efficient in\u00a0<span style=\"color: #6d6d6d; font-family: Roboto; font-size: 12pt; font-weight: bold;\">Power BI: DAX, Power Query, Cloud Services<\/span><\/li><li><p style=\"margin: 0cm; font-family: Calibri, sans-serif; font-size: 12pt; background-image: initial; background-position: initial; background-size: initial; background-repeat: initial; background-attachment: initial; background-origin: initial; background-clip: initial; color: #000000;\"><span style=\"font-family: Roboto; color: #6d6d6d;\">At least 1\u00a0<span style=\"font-weight: bold;\">years experience.\u00a0<\/span><\/span><\/p><\/li><\/ul>\t\t\t\t\t\t\t\t<\/div>\n\t\t\t\t<\/div>\n\t\t\t\t<div class=\"elementor-element elementor-element-239f843d elementor-widget elementor-widget-text-editor\" data-id=\"239f843d\" data-element_type=\"widget\" data-e-type=\"widget\" data-widget_type=\"text-editor.default\">\n\t\t\t\t<div class=\"elementor-widget-container\">\n\t\t\t\t\t\t\t\t\t<p>**<b><i> Nice to have<\/i><\/b><\/p><ul><li>Knowledge of statistics and experience using statistical packages for analyzing datasets (<span style=\"color: #6d6d6d; font-family: Roboto; font-size: 12pt; font-weight: bold;\">Excel, SPSS, SAS<\/span><span style=\"color: #6d6d6d; font-family: Roboto; font-size: 12pt;\">, etc.) is preferable<\/span><\/li><li>Front-end skill\u00a0(<span style=\"color: #6d6d6d; font-family: Roboto; font-size: 12pt; font-weight: bold;\">react.js, d3.js, chart libraries..)<\/span><\/li><li>Having data analytic experience in\u00a0<span style=\"color: #6d6d6d; font-family: Roboto; font-size: 12pt; font-weight: bold;\">Supply Chain<\/span><span style=\"color: #6d6d6d; font-family: Roboto; font-size: 12pt;\">,\u00a0<\/span><span style=\"color: #6d6d6d; font-family: Roboto; font-size: 12pt; font-weight: bold;\">Manufacturing<\/span><span style=\"color: #6d6d6d; font-family: Roboto; font-size: 12pt;\">\u00a0is preferable\u00a0<\/span><\/li><li>Big Data Stack\u00a0(Spark, Hadoop, Cassandra, Kafka)<\/li><li>REST APIs, GraphQL<\/li><li>Functional Programing<\/li><li><p style=\"margin: 0cm; font-family: Calibri, sans-serif; font-size: 12pt; background-image: initial; background-position: initial; background-size: initial; background-repeat: initial; background-attachment: initial; background-origin: initial; background-clip: initial; color: #000000;\"><span style=\"font-family: Roboto; color: #6d6d6d;\"><span style=\"font-weight: bold;\">Docker\/ Kuberness<\/span><\/span><\/p><\/li><\/ul>\t\t\t\t\t\t\t\t<\/div>\n\t\t\t\t<\/div>\n\t\t\t\t<div class=\"elementor-element elementor-element-67aa6c0b elementor-widget elementor-widget-text-editor\" data-id=\"67aa6c0b\" data-element_type=\"widget\" data-e-type=\"widget\" data-widget_type=\"text-editor.default\">\n\t\t\t\t<div class=\"elementor-widget-container\">\n\t\t\t\t\t\t\t\t\t<p><em><b>*** Personal skills<\/b><\/em><\/p><ul><li>Good Vietnamese &amp;\u00a0<span style=\"color: #6d6d6d; font-family: Roboto; font-size: 12pt; font-weight: bold;\">English skills<\/span><span style=\"color: #6d6d6d; font-family: Roboto; font-size: 12pt;\">\u00a0(written &amp; spoken)\u00a0<\/span><\/li><li>Good analytical\u00a0skills<span style=\"color: #6d6d6d; font-family: Roboto; font-size: 12pt;\">\u00a0<\/span><span style=\"color: #6d6d6d; font-family: Roboto; font-size: 12pt;\">and great attention to detail\u00a0<\/span><\/li><li><p style=\"margin: 0cm; font-family: Calibri, sans-serif; font-size: 12pt; background-image: initial; background-position: initial; background-size: initial; background-repeat: initial; background-attachment: initial; background-origin: initial; background-clip: initial; color: #000000;\"><span style=\"font-family: Roboto; color: #6d6d6d;\">Excellent interpersonal skills, strong problem-solving abilities,\u00a0<span style=\"font-weight: bold;\">passion and orientation in big data analysis.\u00a0<\/span><\/span><\/p><\/li><\/ul>\t\t\t\t\t\t\t\t<\/div>\n\t\t\t\t<\/div>\n\t\t\t\t<div class=\"elementor-element elementor-element-7314a21f elementor-position-inline-start elementor-view-default elementor-mobile-position-block-start elementor-widget elementor-widget-icon-box\" data-id=\"7314a21f\" data-element_type=\"widget\" data-e-type=\"widget\" data-widget_type=\"icon-box.default\">\n\t\t\t\t<div class=\"elementor-widget-container\">\n\t\t\t\t\t\t\t<div class=\"elementor-icon-box-wrapper\">\n\n\t\t\t\t\t\t<div class=\"elementor-icon-box-icon\">\n\t\t\t\t<span  class=\"elementor-icon\">\n\t\t\t\t<i aria-hidden=\"true\" class=\"fas fa-lightbulb\"><\/i>\t\t\t\t<\/span>\n\t\t\t<\/div>\n\t\t\t\n\t\t\t\t\t\t<div class=\"elementor-icon-box-content\">\n\n\t\t\t\t\t\t\t\t\t<h3 class=\"elementor-icon-box-title\">\n\t\t\t\t\t\t<span  >\n\t\t\t\t\t\t\tYOU WILL GET MORE BENEFITS\t\t\t\t\t\t<\/span>\n\t\t\t\t\t<\/h3>\n\t\t\t\t\n\t\t\t\t\n\t\t\t<\/div>\n\t\t\t\n\t\t<\/div>\n\t\t\t\t\t\t<\/div>\n\t\t\t\t<\/div>\n\t\t\t\t<div class=\"elementor-element elementor-element-54b2f5ed elementor-widget elementor-widget-text-editor\" data-id=\"54b2f5ed\" data-element_type=\"widget\" data-e-type=\"widget\" data-widget_type=\"text-editor.default\">\n\t\t\t\t<div class=\"elementor-widget-container\">\n\t\t\t\t\t\t\t\t\t<p><em><b>*** Insurance and Salary<\/b><\/em><\/p><ul><li><span style=\"font-weight: 400;\">Vietnam labor regulations<\/span><\/li><li><span style=\"font-weight: 400;\">Healthy Insurance<\/span><\/li><li><b>Competitive and high salary<\/b><\/li><li><span style=\"font-weight: 400;\">Review salary twice a year (April and October (exceptional))<\/span><\/li><li><b>13th month-salary<\/b><\/li><li><span style=\"font-weight: 400;\">Reward of the end the year<\/span><\/li><li><span style=\"font-weight: 400;\">Raised on for achieving English and Technical certificates<\/span><\/li><\/ul>\t\t\t\t\t\t\t\t<\/div>\n\t\t\t\t<\/div>\n\t\t\t\t<div class=\"elementor-element elementor-element-6d7984ab elementor-widget elementor-widget-text-editor\" data-id=\"6d7984ab\" data-element_type=\"widget\" data-e-type=\"widget\" data-widget_type=\"text-editor.default\">\n\t\t\t\t<div class=\"elementor-widget-container\">\n\t\t\t\t\t\t\t\t\t<p><em><b>*** Training and Onsite<\/b><\/em><\/p><ul><li><span style=\"font-weight: bold;\">Onsite<\/span>\u00a0opportunity (Singapore or Australia)<\/li><li><span style=\"font-weight: bold;\">Trained soft skills<\/span>\u00a0and\u00a0<span style=\"font-weight: bold;\">SCRUM\/Agile<\/span><\/li><li style=\"-webkit-font-smoothing: antialiased;\">Taking part in a clear, pre-defined training path along the career path on\u00a0<span style=\"font-weight: bold;\">Microsoft Learning platform, PluralSight<\/span>, etc.<\/li><li style=\"-webkit-font-smoothing: antialiased;\"><span style=\"font-weight: bold;\">Evaluating skill progress via courses\u2019 exams<\/span><\/li><li style=\"-webkit-font-smoothing: antialiased;\"><span style=\"font-weight: bold;\">Utilize unlimited courses on training platforms\u00a0<\/span>to broaden your own knowledge and competency<\/li><li style=\"-webkit-font-smoothing: antialiased;\"><span style=\"font-weight: bold;\">Real environment provided (Cloud credit, software\/tools licenses, etc.) for R&amp;D and practice<\/span><\/li><\/ul>\t\t\t\t\t\t\t\t<\/div>\n\t\t\t\t<\/div>\n\t\t\t\t<div class=\"elementor-element elementor-element-4b6da88b elementor-widget elementor-widget-text-editor\" data-id=\"4b6da88b\" data-element_type=\"widget\" data-e-type=\"widget\" data-widget_type=\"text-editor.default\">\n\t\t\t\t<div class=\"elementor-widget-container\">\n\t\t\t\t\t\t\t\t\t<p><em><b>*** Career Path<\/b><\/em><\/p><ul><li><span style=\"font-weight: 400;\">Career Path clearly<\/span><\/li><li><span style=\"font-weight: 400;\">Projects in many domain<\/span><\/li><li><span style=\"font-weight: 400;\">Everyone is willing to support each other.<\/span><\/li><\/ul>\t\t\t\t\t\t\t\t<\/div>\n\t\t\t\t<\/div>\n\t\t\t\t<div class=\"elementor-element elementor-element-1f5901ed elementor-widget elementor-widget-text-editor\" data-id=\"1f5901ed\" data-element_type=\"widget\" data-e-type=\"widget\" data-widget_type=\"text-editor.default\">\n\t\t\t\t<div class=\"elementor-widget-container\">\n\t\t\t\t\t\t\t\t\t<p><em><b>*** Activities<\/b><\/em><\/p><ul><li><span style=\"font-weight: 400;\">Office happy hours, Teambuilding, Company trip, Wedding, Birthday, \u2026<\/span><\/li><li><b>Sport clubs: soccer, badminton, games, \u2026<\/b><\/li><\/ul>\t\t\t\t\t\t\t\t<\/div>\n\t\t\t\t<\/div>\n\t\t\t\t<div class=\"elementor-element elementor-element-2a3a023e elementor-position-inline-start elementor-view-default elementor-mobile-position-block-start elementor-widget elementor-widget-icon-box\" data-id=\"2a3a023e\" data-element_type=\"widget\" data-e-type=\"widget\" data-widget_type=\"icon-box.default\">\n\t\t\t\t<div class=\"elementor-widget-container\">\n\t\t\t\t\t\t\t<div class=\"elementor-icon-box-wrapper\">\n\n\t\t\t\t\t\t<div class=\"elementor-icon-box-icon\">\n\t\t\t\t<span  class=\"elementor-icon\">\n\t\t\t\t<i aria-hidden=\"true\" class=\"fas fa-lightbulb\"><\/i>\t\t\t\t<\/span>\n\t\t\t<\/div>\n\t\t\t\n\t\t\t\t\t\t<div class=\"elementor-icon-box-content\">\n\n\t\t\t\t\t\t\t\t\t<h3 class=\"elementor-icon-box-title\">\n\t\t\t\t\t\t<span  >\n\t\t\t\t\t\t\tRECRUITMENT PROCESS\t\t\t\t\t\t<\/span>\n\t\t\t\t\t<\/h3>\n\t\t\t\t\n\t\t\t\t\n\t\t\t<\/div>\n\t\t\t\n\t\t<\/div>\n\t\t\t\t\t\t<\/div>\n\t\t\t\t<\/div>\n\t\t\t\t<div class=\"elementor-element elementor-element-5b1dcdb2 elementor-widget elementor-widget-text-editor\" data-id=\"5b1dcdb2\" data-element_type=\"widget\" data-e-type=\"widget\" data-widget_type=\"text-editor.default\">\n\t\t\t\t<div class=\"elementor-widget-container\">\n\t\t\t\t\t\t\t\t\t<ul>\n<li><b>Only one \u2013 round: <\/b><span style=\"font-weight: 400;\">about 60 minutes (HR and Technical Department);<\/span><\/li>\n<li><span style=\"font-weight: 400;\">Interview <\/span><b>in person<\/b><span style=\"font-weight: 400;\"> or <\/span><b>online<\/b><span style=\"font-weight: 400;\"> via Microsoft Teams.<\/span><\/li>\n<li><span style=\"font-weight: 400;\">Interview Address: 51 Hoang Viet, Tan Binh, Ho Chi Minh<\/span><\/li>\n<\/ul>\n<p><b>Please send your CV to email: <\/b><a href=\"mailto:hr@newoceaninfosys.com\"><b>rec[@]nois.vn<\/b><\/a><b>&nbsp;or contact&nbsp; +84 28 6681 0782 (HR Dept) or inbox <a href=\"https:\/\/www.facebook.com\/newoceaninfosys\" target=\"_blank\" rel=\"noopener\">Fanpage<\/a><\/b><\/p>\n<p><b>Hope to communicate with you in near future.&nbsp;<\/b><\/p>\n<p><b>Thank you for your time.<\/b><\/p>\n<p><strong>See more Our Vacancies <a href=\"https:\/\/newoceanis-wp.azurewebsites.net\/recruitment\/\" target=\"_blank\" rel=\"noopener\">here<\/a><\/strong><\/p>\t\t\t\t\t\t\t\t<\/div>\n\t\t\t\t<\/div>\n\t\t\t\t\t<\/div>\n\t\t<\/div>\n\t\t\t\t\t<\/div>\n\t\t<\/section>\n\t\t\t\t\t<\/div>\n\t\t<\/div>\n\t\t\t\t\t<\/div>\n\t\t<\/section>\n\t\t\t\t<\/div>\n\t\t","protected":false},"excerpt":{"rendered":"<p>Data Engineer Fresher\/Junior WHAT WILL YOU DO? Design data architecture and flow (databases, ETL) Interpret data, analyze results using statistical technical and provide ongoing reports.&nbsp; Design and develop reports\/dashboards to visualize results.&nbsp; Develop algorithms\/models to serve the need of Business Intelligence.&nbsp; Acquire data from primary or secondary data sources and maintain databases\/data systems.&nbsp; Locate and [&hellip;]<\/p>\n","protected":false},"author":1,"featured_media":0,"parent":0,"menu_order":0,"comment_status":"closed","ping_status":"closed","template":"","meta":{"inline_featured_image":false,"footnotes":""},"categories":[],"class_list":["post-12205","page","type-page","status-publish","hentry"],"_links":{"self":[{"href":"https:\/\/nois.vn\/vi\/wp-json\/wp\/v2\/pages\/12205","targetHints":{"allow":["GET"]}}],"collection":[{"href":"https:\/\/nois.vn\/vi\/wp-json\/wp\/v2\/pages"}],"about":[{"href":"https:\/\/nois.vn\/vi\/wp-json\/wp\/v2\/types\/page"}],"author":[{"embeddable":true,"href":"https:\/\/nois.vn\/vi\/wp-json\/wp\/v2\/users\/1"}],"replies":[{"embeddable":true,"href":"https:\/\/nois.vn\/vi\/wp-json\/wp\/v2\/comments?post=12205"}],"version-history":[{"count":0,"href":"https:\/\/nois.vn\/vi\/wp-json\/wp\/v2\/pages\/12205\/revisions"}],"wp:attachment":[{"href":"https:\/\/nois.vn\/vi\/wp-json\/wp\/v2\/media?parent=12205"}],"wp:term":[{"taxonomy":"category","embeddable":true,"href":"https:\/\/nois.vn\/vi\/wp-json\/wp\/v2\/categories?post=12205"}],"curies":[{"name":"wp","href":"https:\/\/api.w.org\/{rel}","templated":true}]}}