{"id":12211,"date":"2022-04-01T18:07:30","date_gmt":"2022-04-01T11:07:30","guid":{"rendered":"https:\/\/dev.nois.vn\/react-native-developer\/"},"modified":"2022-04-06T20:28:36","modified_gmt":"2022-04-06T13:28:36","slug":"react-native-developer","status":"publish","type":"page","link":"https:\/\/nois.vn\/vi\/react-native-developer\/","title":{"rendered":"React Native Developer"},"content":{"rendered":"\t\t<div data-elementor-type=\"wp-page\" data-elementor-id=\"12211\" class=\"elementor elementor-12211\" data-elementor-post-type=\"page\">\n\t\t\t\t\t\t<section class=\"elementor-section elementor-top-section elementor-element elementor-element-574e414d ot-traditional elementor-section-boxed elementor-section-height-default elementor-section-height-default\" data-id=\"574e414d\" data-element_type=\"section\" data-e-type=\"section\">\n\t\t\t\t\t\t<div class=\"elementor-container elementor-column-gap-default\">\n\t\t\t\t\t<div class=\"elementor-column elementor-col-100 elementor-top-column elementor-element elementor-element-39a7d617 ot-flex-column-vertical\" data-id=\"39a7d617\" data-element_type=\"column\" data-e-type=\"column\">\n\t\t\t<div class=\"elementor-widget-wrap elementor-element-populated\">\n\t\t\t\t\t\t<section class=\"elementor-section elementor-inner-section elementor-element elementor-element-4d272aa6 ot-traditional elementor-section-boxed elementor-section-height-default elementor-section-height-default\" data-id=\"4d272aa6\" data-element_type=\"section\" data-e-type=\"section\">\n\t\t\t\t\t\t<div class=\"elementor-container elementor-column-gap-default\">\n\t\t\t\t\t<div class=\"elementor-column elementor-col-100 elementor-inner-column elementor-element elementor-element-6e5f03c1 ot-flex-column-vertical\" data-id=\"6e5f03c1\" data-element_type=\"column\" data-e-type=\"column\">\n\t\t\t<div class=\"elementor-widget-wrap elementor-element-populated\">\n\t\t\t\t\t\t<div class=\"elementor-element elementor-element-42ef3372 elementor-widget elementor-widget-text-editor\" data-id=\"42ef3372\" data-element_type=\"widget\" data-e-type=\"widget\" data-widget_type=\"text-editor.default\">\n\t\t\t\t<div class=\"elementor-widget-container\">\n\t\t\t\t\t\t\t\t\t<h2 class=\"elementor-heading-title elementor-size-default elementor-inline-editing pen\" style=\"color: #090a0a;\" data-elementor-setting-key=\"title\" data-pen-placeholder=\"G\u00f5 v\u00e0o \u0111\u00e2y...\">React Native Developer<br \/><span style=\"font-weight: normal;\">Fresher\/Junior<\/span><\/h2>\t\t\t\t\t\t\t\t<\/div>\n\t\t\t\t<\/div>\n\t\t\t\t<div class=\"elementor-element elementor-element-3e57e3d5 elementor-position-inline-start elementor-view-default elementor-mobile-position-block-start elementor-widget elementor-widget-icon-box\" data-id=\"3e57e3d5\" data-element_type=\"widget\" data-e-type=\"widget\" data-widget_type=\"icon-box.default\">\n\t\t\t\t<div class=\"elementor-widget-container\">\n\t\t\t\t\t\t\t<div class=\"elementor-icon-box-wrapper\">\n\n\t\t\t\t\t\t<div class=\"elementor-icon-box-icon\">\n\t\t\t\t<span  class=\"elementor-icon\">\n\t\t\t\t<i aria-hidden=\"true\" class=\"fas fa-lightbulb\"><\/i>\t\t\t\t<\/span>\n\t\t\t<\/div>\n\t\t\t\n\t\t\t\t\t\t<div class=\"elementor-icon-box-content\">\n\n\t\t\t\t\t\t\t\t\t<h3 class=\"elementor-icon-box-title\">\n\t\t\t\t\t\t<span  >\n\t\t\t\t\t\t\tWHAT WILL YOU DO? \t\t\t\t\t\t<\/span>\n\t\t\t\t\t<\/h3>\n\t\t\t\t\n\t\t\t\t\n\t\t\t<\/div>\n\t\t\t\n\t\t<\/div>\n\t\t\t\t\t\t<\/div>\n\t\t\t\t<\/div>\n\t\t\t\t<div class=\"elementor-element elementor-element-593168d3 elementor-widget elementor-widget-text-editor\" data-id=\"593168d3\" data-element_type=\"widget\" data-e-type=\"widget\" data-widget_type=\"text-editor.default\">\n\t\t\t\t<div class=\"elementor-widget-container\">\n\t\t\t\t\t\t\t\t\t<ul><li>Participate in designing and building products of project;<\/li><li>Working with product development team to plan new features, gather requirements<\/li><li>Suggest solutions and implement new interface development techniques<\/li><li>Actively participate on writing unit tests, automation tests to maintain high quality deliveries<\/li><li>Maintain code and write automated tests to ensure the product is of the highest quality.\u00a0<\/li><\/ul>\t\t\t\t\t\t\t\t<\/div>\n\t\t\t\t<\/div>\n\t\t\t\t<div class=\"elementor-element elementor-element-1a757fa elementor-position-inline-start elementor-view-default elementor-mobile-position-block-start elementor-widget elementor-widget-icon-box\" data-id=\"1a757fa\" data-element_type=\"widget\" data-e-type=\"widget\" data-widget_type=\"icon-box.default\">\n\t\t\t\t<div class=\"elementor-widget-container\">\n\t\t\t\t\t\t\t<div class=\"elementor-icon-box-wrapper\">\n\n\t\t\t\t\t\t<div class=\"elementor-icon-box-icon\">\n\t\t\t\t<span  class=\"elementor-icon\">\n\t\t\t\t<i aria-hidden=\"true\" class=\"fas fa-lightbulb\"><\/i>\t\t\t\t<\/span>\n\t\t\t<\/div>\n\t\t\t\n\t\t\t\t\t\t<div class=\"elementor-icon-box-content\">\n\n\t\t\t\t\t\t\t\t\t<h3 class=\"elementor-icon-box-title\">\n\t\t\t\t\t\t<span  >\n\t\t\t\t\t\t\tYOU JUST NEED TO HAVE\t\t\t\t\t\t<\/span>\n\t\t\t\t\t<\/h3>\n\t\t\t\t\n\t\t\t\t\n\t\t\t<\/div>\n\t\t\t\n\t\t<\/div>\n\t\t\t\t\t\t<\/div>\n\t\t\t\t<\/div>\n\t\t\t\t<div class=\"elementor-element elementor-element-5e85a919 elementor-widget elementor-widget-text-editor\" data-id=\"5e85a919\" data-element_type=\"widget\" data-e-type=\"widget\" data-widget_type=\"text-editor.default\">\n\t\t\t\t<div class=\"elementor-widget-container\">\n\t\t\t\t\t\t\t\t\t<p>***<em><strong> Technical skills<\/strong><\/em><\/p><ul><li><span style=\"font-weight: 400;\">Bachelor \/ Colleges degree in Computer Science\/IT<\/span><\/li><li><b>Over 1+ years<\/b><span style=\"font-weight: 400;\"> working with <\/span><b>React Native<\/b><\/li><li>Firm grasp of the <b>Java Script or Typescript<\/b><\/li><li>Understanding of <b>React Native best practices<\/b> and a commitment to following them<\/li><li>Ability to work through new and difficult React Native issues and contribute to libraries as needed<\/li><li>Ability to create and maintain continuous integration and delivery of React Native applications<\/li><li>Design and build APIs for integrations with both platforms<\/li><li>Experience working with remote data via <b>REST and JSON<\/b><\/li><\/ul>\t\t\t\t\t\t\t\t<\/div>\n\t\t\t\t<\/div>\n\t\t\t\t<div class=\"elementor-element elementor-element-782b817a elementor-widget elementor-widget-text-editor\" data-id=\"782b817a\" data-element_type=\"widget\" data-e-type=\"widget\" data-widget_type=\"text-editor.default\">\n\t\t\t\t<div class=\"elementor-widget-container\">\n\t\t\t\t\t\t\t\t\t<p><em><b>*** Personal skills<\/b><\/em><\/p><ul><li><span style=\"font-weight: 400;\">Good <\/span><b>communication skills<\/b><span style=\"font-weight: 400;\">, experience in teamwork<\/span><\/li><li><span style=\"font-weight: 400;\">Responsible, Attentive<\/span><\/li><li><b>Willing to learn<\/b><\/li><li><span style=\"font-weight: 400;\">Reading and writing English<\/span><\/li><\/ul>\t\t\t\t\t\t\t\t<\/div>\n\t\t\t\t<\/div>\n\t\t\t\t<div class=\"elementor-element elementor-element-28920c7d elementor-position-inline-start elementor-view-default elementor-mobile-position-block-start elementor-widget elementor-widget-icon-box\" data-id=\"28920c7d\" data-element_type=\"widget\" data-e-type=\"widget\" data-widget_type=\"icon-box.default\">\n\t\t\t\t<div class=\"elementor-widget-container\">\n\t\t\t\t\t\t\t<div class=\"elementor-icon-box-wrapper\">\n\n\t\t\t\t\t\t<div class=\"elementor-icon-box-icon\">\n\t\t\t\t<span  class=\"elementor-icon\">\n\t\t\t\t<i aria-hidden=\"true\" class=\"fas fa-lightbulb\"><\/i>\t\t\t\t<\/span>\n\t\t\t<\/div>\n\t\t\t\n\t\t\t\t\t\t<div class=\"elementor-icon-box-content\">\n\n\t\t\t\t\t\t\t\t\t<h3 class=\"elementor-icon-box-title\">\n\t\t\t\t\t\t<span  >\n\t\t\t\t\t\t\tYOU WILL GET MORE BENEFITS\t\t\t\t\t\t<\/span>\n\t\t\t\t\t<\/h3>\n\t\t\t\t\n\t\t\t\t\n\t\t\t<\/div>\n\t\t\t\n\t\t<\/div>\n\t\t\t\t\t\t<\/div>\n\t\t\t\t<\/div>\n\t\t\t\t<div class=\"elementor-element elementor-element-1a9c77cf elementor-widget elementor-widget-text-editor\" data-id=\"1a9c77cf\" data-element_type=\"widget\" data-e-type=\"widget\" data-widget_type=\"text-editor.default\">\n\t\t\t\t<div class=\"elementor-widget-container\">\n\t\t\t\t\t\t\t\t\t<p><em><b>*** Insurance and Salary<\/b><\/em><\/p><ul><li><span style=\"font-weight: 400;\">Vietnam labor regulations<\/span><\/li><li><span style=\"font-weight: 400;\">Healthy Insurance<\/span><\/li><li><b>Competitive and high salary<\/b><\/li><li><span style=\"font-weight: 400;\">Review salary twice a year (April and October (exceptional))<\/span><\/li><li><b>13th month-salary<\/b><\/li><li><span style=\"font-weight: 400;\">Reward of the end the year<\/span><\/li><li><span style=\"font-weight: 400;\">Raised on for achieving English and Technical certificates<\/span><\/li><\/ul>\t\t\t\t\t\t\t\t<\/div>\n\t\t\t\t<\/div>\n\t\t\t\t<div class=\"elementor-element elementor-element-344ceb78 elementor-widget elementor-widget-text-editor\" data-id=\"344ceb78\" data-element_type=\"widget\" data-e-type=\"widget\" data-widget_type=\"text-editor.default\">\n\t\t\t\t<div class=\"elementor-widget-container\">\n\t\t\t\t\t\t\t\t\t<p><em><b>*** Training and Onsite<\/b><\/em><\/p><ul><li><span style=\"font-weight: bold;\">Onsite<\/span>\u00a0opportunity (Singapore or Australia)<\/li><li><span style=\"font-weight: bold;\">Trained soft skills<\/span>\u00a0and\u00a0<span style=\"font-weight: bold;\">SCRUM\/Agile<\/span><\/li><li style=\"-webkit-font-smoothing: antialiased;\">Taking part in a clear, pre-defined training path along the career path on\u00a0<span style=\"font-weight: bold;\">Microsoft Learning platform, PluralSight<\/span>, etc.<\/li><li style=\"-webkit-font-smoothing: antialiased;\"><span style=\"font-weight: bold;\">Evaluating skill progress via courses\u2019 exams<\/span><\/li><li style=\"-webkit-font-smoothing: antialiased;\"><span style=\"font-weight: bold;\">Utilize unlimited courses on training platforms\u00a0<\/span>to broaden your own knowledge and competency<\/li><li style=\"-webkit-font-smoothing: antialiased;\"><span style=\"font-weight: bold;\">Real environment provided (Cloud credit, software\/tools licenses, etc.) for R&amp;D and practice<\/span><\/li><\/ul>\t\t\t\t\t\t\t\t<\/div>\n\t\t\t\t<\/div>\n\t\t\t\t<div class=\"elementor-element elementor-element-158e161 elementor-widget elementor-widget-text-editor\" data-id=\"158e161\" data-element_type=\"widget\" data-e-type=\"widget\" data-widget_type=\"text-editor.default\">\n\t\t\t\t<div class=\"elementor-widget-container\">\n\t\t\t\t\t\t\t\t\t<p><em><b>*** Career Path<\/b><\/em><\/p><ul><li><span style=\"font-weight: 400;\">Career Path clearly<\/span><\/li><li><span style=\"font-weight: 400;\">Projects in many domain<\/span><\/li><li><span style=\"font-weight: 400;\">Everyone is willing to support each other.<\/span><\/li><\/ul>\t\t\t\t\t\t\t\t<\/div>\n\t\t\t\t<\/div>\n\t\t\t\t<div class=\"elementor-element elementor-element-116b2db9 elementor-widget elementor-widget-text-editor\" data-id=\"116b2db9\" data-element_type=\"widget\" data-e-type=\"widget\" data-widget_type=\"text-editor.default\">\n\t\t\t\t<div class=\"elementor-widget-container\">\n\t\t\t\t\t\t\t\t\t<p><em><b>*** Activities<\/b><\/em><\/p><ul><li><span style=\"font-weight: 400;\">Office happy hours, Teambuilding, Company trip, Wedding, Birthday, \u2026<\/span><\/li><li><b>Sport clubs: soccer, badminton, games, \u2026<\/b><\/li><\/ul>\t\t\t\t\t\t\t\t<\/div>\n\t\t\t\t<\/div>\n\t\t\t\t<div class=\"elementor-element elementor-element-cae31a1 elementor-position-inline-start elementor-view-default elementor-mobile-position-block-start elementor-widget elementor-widget-icon-box\" data-id=\"cae31a1\" data-element_type=\"widget\" data-e-type=\"widget\" data-widget_type=\"icon-box.default\">\n\t\t\t\t<div class=\"elementor-widget-container\">\n\t\t\t\t\t\t\t<div class=\"elementor-icon-box-wrapper\">\n\n\t\t\t\t\t\t<div class=\"elementor-icon-box-icon\">\n\t\t\t\t<span  class=\"elementor-icon\">\n\t\t\t\t<i aria-hidden=\"true\" class=\"fas fa-lightbulb\"><\/i>\t\t\t\t<\/span>\n\t\t\t<\/div>\n\t\t\t\n\t\t\t\t\t\t<div class=\"elementor-icon-box-content\">\n\n\t\t\t\t\t\t\t\t\t<h3 class=\"elementor-icon-box-title\">\n\t\t\t\t\t\t<span  >\n\t\t\t\t\t\t\tRECRUITMENT PROCESS\t\t\t\t\t\t<\/span>\n\t\t\t\t\t<\/h3>\n\t\t\t\t\n\t\t\t\t\n\t\t\t<\/div>\n\t\t\t\n\t\t<\/div>\n\t\t\t\t\t\t<\/div>\n\t\t\t\t<\/div>\n\t\t\t\t<div class=\"elementor-element elementor-element-643f75a9 elementor-widget elementor-widget-text-editor\" data-id=\"643f75a9\" data-element_type=\"widget\" data-e-type=\"widget\" data-widget_type=\"text-editor.default\">\n\t\t\t\t<div class=\"elementor-widget-container\">\n\t\t\t\t\t\t\t\t\t<ul>\n<li><b>Only one \u2013 round: <\/b><span style=\"font-weight: 400;\">about 60 minutes (HR and Technical Department);<\/span><\/li>\n<li><span style=\"font-weight: 400;\">Interview <\/span><b>in person<\/b><span style=\"font-weight: 400;\"> or <\/span><b>online<\/b><span style=\"font-weight: 400;\"> via Microsoft Teams.<\/span><\/li>\n<li><span style=\"font-weight: 400;\">Interview Address: 51 Hoang Viet, Tan Binh, Ho Chi Minh<\/span><\/li>\n<\/ul>\n<p><b>Please send your CV to email: <\/b><a href=\"mailto:hr@newoceaninfosys.com\"><b>rec[@]nois.vn<\/b><\/a><b>&nbsp;or contact&nbsp; +84 28 6681 0782 (HR Dept) or inbox <a href=\"https:\/\/www.facebook.com\/newoceaninfosys\" target=\"_blank\" rel=\"noopener\">Fanpage<\/a><\/b><\/p>\n<p><b>Hope to communicate with you in near future.&nbsp;<\/b><\/p>\n<p><b>Thank you for your time.<\/b><\/p>\n<p><strong>See more Our Vacancies <a href=\"https:\/\/newoceanis-wp.azurewebsites.net\/recruitment\/\" target=\"_blank\" rel=\"noopener\">here<\/a><\/strong><\/p>\t\t\t\t\t\t\t\t<\/div>\n\t\t\t\t<\/div>\n\t\t\t\t\t<\/div>\n\t\t<\/div>\n\t\t\t\t\t<\/div>\n\t\t<\/section>\n\t\t\t\t\t<\/div>\n\t\t<\/div>\n\t\t\t\t\t<\/div>\n\t\t<\/section>\n\t\t\t\t<\/div>\n\t\t","protected":false},"excerpt":{"rendered":"<p>React Native Developer Fresher\/Junior WHAT WILL YOU DO? Participate in designing and building products of project; Working with product development team to plan new features, gather requirements Suggest solutions and implement new interface development techniques Actively participate on writing unit tests, automation tests to maintain high quality deliveries Maintain code and write automated tests to [&hellip;]<\/p>\n","protected":false},"author":1,"featured_media":0,"parent":0,"menu_order":0,"comment_status":"closed","ping_status":"closed","template":"","meta":{"inline_featured_image":false,"footnotes":""},"categories":[],"class_list":["post-12211","page","type-page","status-publish","hentry"],"_links":{"self":[{"href":"https:\/\/nois.vn\/vi\/wp-json\/wp\/v2\/pages\/12211","targetHints":{"allow":["GET"]}}],"collection":[{"href":"https:\/\/nois.vn\/vi\/wp-json\/wp\/v2\/pages"}],"about":[{"href":"https:\/\/nois.vn\/vi\/wp-json\/wp\/v2\/types\/page"}],"author":[{"embeddable":true,"href":"https:\/\/nois.vn\/vi\/wp-json\/wp\/v2\/users\/1"}],"replies":[{"embeddable":true,"href":"https:\/\/nois.vn\/vi\/wp-json\/wp\/v2\/comments?post=12211"}],"version-history":[{"count":0,"href":"https:\/\/nois.vn\/vi\/wp-json\/wp\/v2\/pages\/12211\/revisions"}],"wp:attachment":[{"href":"https:\/\/nois.vn\/vi\/wp-json\/wp\/v2\/media?parent=12211"}],"wp:term":[{"taxonomy":"category","embeddable":true,"href":"https:\/\/nois.vn\/vi\/wp-json\/wp\/v2\/categories?post=12211"}],"curies":[{"name":"wp","href":"https:\/\/api.w.org\/{rel}","templated":true}]}}